{"id":2878,"date":"2014-05-07T13:14:20","date_gmt":"2014-05-07T11:14:20","guid":{"rendered":"http:\/\/facolta.unica.it\/segp\/?page_id=2878"},"modified":"2020-07-16T11:22:30","modified_gmt":"2020-07-16T09:22:30","slug":"segreteria-studenti-per-cds-economici","status":"publish","type":"page","link":"https:\/\/facolta.unica.it\/segp\/segreteria-studenti-per-cds-economici\/","title":{"rendered":"Segreteria Studenti CdS economici"},"content":{"rendered":"<p>Le Segreterie Studenti si occupano della gestione amministrativa delle carriere degli studenti, dall\u2019immatricolazione al conseguimento della laurea e oltre.<\/p>\n<p>In particolare ci si rivolge alla Segreteria Studenti per:<br \/>\n&#8211; informazioni sui corsi di studio<br \/>\n&#8211; immatricolazione e iscrizione ad anni successivi al primo<br \/>\n&#8211; tasse e contributi universitari<br \/>\n&#8211; piani di studio e abbreviazioni di carriera degli studenti<br \/>\n&#8211; rilascio di certificati e di copie di atti depositati in Segreteria<br \/>\n&#8211; passaggio ad altri corsi di Laurea o di Diploma<br \/>\n&#8211; trasferimento ad altre Universit\u00e0 o da altre Universit\u00e0<br \/>\n&#8211; decadenza dalla qualit\u00e0 di studente<br \/>\n&#8211; rinuncia agli studi.<\/p>\n<p>&nbsp;<\/p>\n<p><span style=\"color: #ff6600\">Si comunica che, a decorrere dal 22 giugno, solo per questioni urgenti ed indifferibili (es. ritiro certificati uso estero, ritiro certificati da produrre a privati, ritiro pergamena..) \u00e8 possibile fissare un appuntamento in presenza\u00a0presso gli uffici con l\u2019assistenza del personale addetto.<\/span><br \/>\n<span style=\"color: #ff6600\">Previo appuntamento via mail e nel rispetto di tutte le norme previste nel Protocollo dell\u2019Ateneo in tema di DPI e di misure di prevenzione, l\u2019accesso ai servizi in presenza potr\u00e0 avvenire tutti i giorni della settimana, da luned\u00ec a venerd\u00ec.<\/span><br \/>\n<span style=\"color: #ff6600\">Per fissare l\u2019appuntamento occorrer\u00e0 inviare una mail a segrstudeconomia@unica.it<\/span><\/p>\n<p><span style=\"color: #ff6600\">Si ricorda altres\u00ec che la Segreteria studenti riceve e continua a rispondere regolarmente alle mail e che, dal 22 giugno, pu\u00f2 rispondere alle telefonate dal luned\u00ec al venerd\u00ec negli orari di servizio, dalle 9 alle 14 ai seguenti numeri 0706753348-3349-3379.<\/span><\/p>\n<p><span style=\"color: #ff6600\">Gli interessati, in alternativa all\u2019appuntamento in sede presso gli uffici di Segreteria studenti, possono:<\/span><br \/>\n<span style=\"color: #ff6600\">\uf0b7 prendere contatto con il personale di Segreteria studenti inviando una mail a segrstudeconomia@unica.it . Le richieste di assistenza verranno evase entro i 3 giorni successivi.<\/span><br \/>\n<span style=\"color: #ff6600\">\uf0b7 fissare un appuntamento\u00a0 telefonico o su Microsoft Teams per chiamate e videochiamate, per questioni complesse che richiedono un\u2019 assistenza diretta.<\/span><br \/>\n<span style=\"color: #ff6600\">L\u2019appuntamento potr\u00e0 essere fissato previa richiesta via mail da inviare a segrstudeconomia@unica.it<\/span><\/p>","protected":false},"excerpt":{"rendered":"<p>Le Segreterie Studenti si occupano della gestione amministrativa delle carriere degli studenti, dall\u2019immatricolazione al conseguimento della laurea e oltre. In particolare ci si rivolge alla Segreteria Studenti per: &#8211; informazioni sui corsi di studio &#8211; immatricolazione e iscrizione ad anni successivi al primo &#8211; tasse e contributi universitari &#8211; piani di studio e abbreviazioni di carriera degli studenti &#8211; rilascio di certificati e di copie di atti depositati in Segreteria &#8211; passaggio ad altri corsi di Laurea o di Diploma &#8211; trasferimento ad altre Universit\u00e0 o da altre Universit\u00e0 &#8211; decadenza dalla qualit\u00e0 di studente &#8211; rinuncia agli studi. &nbsp; <a href='https:\/\/facolta.unica.it\/segp\/segreteria-studenti-per-cds-economici\/' class='excerpt-more'>[&#8230;]<\/a><\/p>\n","protected":false},"author":683,"featured_media":0,"parent":0,"menu_order":0,"comment_status":"closed","ping_status":"closed","template":"","meta":{"footnotes":""},"class_list":["post-2878","page","type-page","status-publish","hentry","post-seq-1","post-parity-odd","meta-position-corners","fix"],"publishpress_future_action":{"enabled":false,"date":"2026-04-28 23:08:08","action":"change-status","newStatus":"draft","terms":[],"taxonomy":"","extraData":[]},"publishpress_future_workflow_manual_trigger":{"enabledWorkflows":[]},"_links":{"self":[{"href":"https:\/\/facolta.unica.it\/segp\/wp-json\/wp\/v2\/pages\/2878","targetHints":{"allow":["GET"]}}],"collection":[{"href":"https:\/\/facolta.unica.it\/segp\/wp-json\/wp\/v2\/pages"}],"about":[{"href":"https:\/\/facolta.unica.it\/segp\/wp-json\/wp\/v2\/types\/page"}],"author":[{"embeddable":true,"href":"https:\/\/facolta.unica.it\/segp\/wp-json\/wp\/v2\/users\/683"}],"replies":[{"embeddable":true,"href":"https:\/\/facolta.unica.it\/segp\/wp-json\/wp\/v2\/comments?post=2878"}],"version-history":[{"count":5,"href":"https:\/\/facolta.unica.it\/segp\/wp-json\/wp\/v2\/pages\/2878\/revisions"}],"predecessor-version":[{"id":14149,"href":"https:\/\/facolta.unica.it\/segp\/wp-json\/wp\/v2\/pages\/2878\/revisions\/14149"}],"wp:attachment":[{"href":"https:\/\/facolta.unica.it\/segp\/wp-json\/wp\/v2\/media?parent=2878"}],"curies":[{"name":"wp","href":"https:\/\/api.w.org\/{rel}","templated":true}]}}